{"id":11912,"date":"2014-11-08T09:36:44","date_gmt":"2014-11-08T09:36:44","guid":{"rendered":"http:\/\/goabbeyrd.wpengine.com\/de\/teen-tours\/"},"modified":"2017-11-13T08:09:03","modified_gmt":"2017-11-13T16:09:03","slug":"warum-abbey-road","status":"publish","type":"page","link":"https:\/\/goabbeyroad.net\/de\/warum-abbey-road\/","title":{"rendered":"Warum Abbey Road?"},"content":{"rendered":"","protected":false},"excerpt":{"rendered":"","protected":false},"author":101014,"featured_media":0,"parent":0,"menu_order":0,"comment_status":"open","ping_status":"open","template":"page-why.php","meta":{"inline_featured_image":false,"footnotes":""},"class_list":["post-11912","page","type-page","status-publish","hentry"],"yoast_head":"<!-- This site is optimized with the Yoast SEO plugin v27.5 - https:\/\/yoast.com\/product\/yoast-seo-wordpress\/ -->\n<title>Qualitative Akademische Sommer-Programme | Abbey Road Programs<\/title>\n<meta name=\"description\" content=\"Unsere Mission ist es, qualitative akademische Sommer-Programme zur Verf\u00fcgung zu stellen, um ein interkulturelles Verst\u00e4ndnis, pers\u00f6nliches Wachstum und akademische Bereicherung zu erm\u00f6glichen.\" \/>\n<meta name=\"robots\" content=\"index, follow, max-snippet:-1, max-image-preview:large, max-video-preview:-1\" \/>\n<link rel=\"canonical\" href=\"https:\/\/goabbeyroad.net\/de\/warum-abbey-road\/\" \/>\n<meta property=\"og:locale\" content=\"de_DE\" \/>\n<meta property=\"og:type\" content=\"article\" \/>\n<meta property=\"og:title\" content=\"Qualitative Akademische Sommer-Programme | Abbey Road Programs\" \/>\n<meta property=\"og:description\" content=\"Unsere Mission ist es, qualitative akademische Sommer-Programme zur Verf\u00fcgung zu stellen, um ein interkulturelles Verst\u00e4ndnis, pers\u00f6nliches Wachstum und akademische Bereicherung zu erm\u00f6glichen.\" \/>\n<meta property=\"og:url\" content=\"https:\/\/goabbeyroad.net\/de\/warum-abbey-road\/\" \/>\n<meta property=\"og:site_name\" content=\"Summer programs for high school students with Abbey Road\" \/>\n<meta property=\"article:publisher\" content=\"https:\/\/www.facebook.com\/AbbeyRoadPrograms\/\" \/>\n<meta property=\"article:modified_time\" content=\"2017-11-13T16:09:03+00:00\" \/>\n<meta name=\"twitter:card\" content=\"summary_large_image\" \/>\n<meta name=\"twitter:site\" content=\"@goabbeyroad\" \/>\n<script type=\"application\/ld+json\" class=\"yoast-schema-graph\">{\"@context\":\"https:\\\/\\\/schema.org\",\"@graph\":[{\"@type\":\"WebPage\",\"@id\":\"https:\\\/\\\/goabbeyroad.net\\\/de\\\/warum-abbey-road\\\/\",\"url\":\"https:\\\/\\\/goabbeyroad.net\\\/de\\\/warum-abbey-road\\\/\",\"name\":\"Qualitative Akademische Sommer-Programme | Abbey Road Programs\",\"isPartOf\":{\"@id\":\"https:\\\/\\\/goabbeyroad.net\\\/es\\\/#website\"},\"datePublished\":\"2014-11-08T09:36:44+00:00\",\"dateModified\":\"2017-11-13T16:09:03+00:00\",\"description\":\"Unsere Mission ist es, qualitative akademische Sommer-Programme zur Verf\u00fcgung zu stellen, um ein interkulturelles Verst\u00e4ndnis, pers\u00f6nliches Wachstum und akademische Bereicherung zu erm\u00f6glichen.\",\"breadcrumb\":{\"@id\":\"https:\\\/\\\/goabbeyroad.net\\\/de\\\/warum-abbey-road\\\/#breadcrumb\"},\"inLanguage\":\"de-DE\",\"potentialAction\":[{\"@type\":\"ReadAction\",\"target\":[\"https:\\\/\\\/goabbeyroad.net\\\/de\\\/warum-abbey-road\\\/\"]}]},{\"@type\":\"BreadcrumbList\",\"@id\":\"https:\\\/\\\/goabbeyroad.net\\\/de\\\/warum-abbey-road\\\/#breadcrumb\",\"itemListElement\":[{\"@type\":\"ListItem\",\"position\":1,\"name\":\"Home\",\"item\":\"https:\\\/\\\/goabbeyroad.net\\\/de\\\/\"},{\"@type\":\"ListItem\",\"position\":2,\"name\":\"Warum Abbey Road?\"}]},{\"@type\":\"WebSite\",\"@id\":\"https:\\\/\\\/goabbeyroad.net\\\/es\\\/#website\",\"url\":\"https:\\\/\\\/goabbeyroad.net\\\/es\\\/\",\"name\":\"Summer programs for high school students with Abbey Road\",\"description\":\"High School Summer Study Abroad Programs, Europe, USA Immersion\",\"publisher\":{\"@id\":\"https:\\\/\\\/goabbeyroad.net\\\/es\\\/#organization\"},\"potentialAction\":[{\"@type\":\"SearchAction\",\"target\":{\"@type\":\"EntryPoint\",\"urlTemplate\":\"https:\\\/\\\/goabbeyroad.net\\\/es\\\/?s={search_term_string}\"},\"query-input\":{\"@type\":\"PropertyValueSpecification\",\"valueRequired\":true,\"valueName\":\"search_term_string\"}}],\"inLanguage\":\"de-DE\"},{\"@type\":\"Organization\",\"@id\":\"https:\\\/\\\/goabbeyroad.net\\\/es\\\/#organization\",\"name\":\"Abbey Road Programs\",\"url\":\"https:\\\/\\\/goabbeyroad.net\\\/es\\\/\",\"logo\":{\"@type\":\"ImageObject\",\"inLanguage\":\"de-DE\",\"@id\":\"https:\\\/\\\/goabbeyroad.net\\\/es\\\/#\\\/schema\\\/logo\\\/image\\\/\",\"url\":\"https:\\\/\\\/goabbeyroad.net\\\/wp-content\\\/uploads\\\/2019\\\/01\\\/logo-abbey-ico.png\",\"contentUrl\":\"https:\\\/\\\/goabbeyroad.net\\\/wp-content\\\/uploads\\\/2019\\\/01\\\/logo-abbey-ico.png\",\"width\":65,\"height\":78,\"caption\":\"Abbey Road Programs\"},\"image\":{\"@id\":\"https:\\\/\\\/goabbeyroad.net\\\/es\\\/#\\\/schema\\\/logo\\\/image\\\/\"},\"sameAs\":[\"https:\\\/\\\/www.facebook.com\\\/AbbeyRoadPrograms\\\/\",\"https:\\\/\\\/x.com\\\/goabbeyroad\",\"https:\\\/\\\/www.instagram.com\\\/abbeyroadprograms\\\/\",\"http:\\\/\\\/www.pinterest.com\\\/goabbeyroad\\\/\",\"https:\\\/\\\/www.youtube.com\\\/user\\\/Abbeyroadprograms\"]}]}<\/script>\n<!-- \/ Yoast SEO plugin. -->","yoast_head_json":{"title":"Qualitative Akademische Sommer-Programme | Abbey Road Programs","description":"Unsere Mission ist es, qualitative akademische Sommer-Programme zur Verf\u00fcgung zu stellen, um ein interkulturelles Verst\u00e4ndnis, pers\u00f6nliches Wachstum und akademische Bereicherung zu erm\u00f6glichen.","robots":{"index":"index","follow":"follow","max-snippet":"max-snippet:-1","max-image-preview":"max-image-preview:large","max-video-preview":"max-video-preview:-1"},"canonical":"https:\/\/goabbeyroad.net\/de\/warum-abbey-road\/","og_locale":"de_DE","og_type":"article","og_title":"Qualitative Akademische Sommer-Programme | Abbey Road Programs","og_description":"Unsere Mission ist es, qualitative akademische Sommer-Programme zur Verf\u00fcgung zu stellen, um ein interkulturelles Verst\u00e4ndnis, pers\u00f6nliches Wachstum und akademische Bereicherung zu erm\u00f6glichen.","og_url":"https:\/\/goabbeyroad.net\/de\/warum-abbey-road\/","og_site_name":"Summer programs for high school students with Abbey Road","article_publisher":"https:\/\/www.facebook.com\/AbbeyRoadPrograms\/","article_modified_time":"2017-11-13T16:09:03+00:00","twitter_card":"summary_large_image","twitter_site":"@goabbeyroad","schema":{"@context":"https:\/\/schema.org","@graph":[{"@type":"WebPage","@id":"https:\/\/goabbeyroad.net\/de\/warum-abbey-road\/","url":"https:\/\/goabbeyroad.net\/de\/warum-abbey-road\/","name":"Qualitative Akademische Sommer-Programme | Abbey Road Programs","isPartOf":{"@id":"https:\/\/goabbeyroad.net\/es\/#website"},"datePublished":"2014-11-08T09:36:44+00:00","dateModified":"2017-11-13T16:09:03+00:00","description":"Unsere Mission ist es, qualitative akademische Sommer-Programme zur Verf\u00fcgung zu stellen, um ein interkulturelles Verst\u00e4ndnis, pers\u00f6nliches Wachstum und akademische Bereicherung zu erm\u00f6glichen.","breadcrumb":{"@id":"https:\/\/goabbeyroad.net\/de\/warum-abbey-road\/#breadcrumb"},"inLanguage":"de-DE","potentialAction":[{"@type":"ReadAction","target":["https:\/\/goabbeyroad.net\/de\/warum-abbey-road\/"]}]},{"@type":"BreadcrumbList","@id":"https:\/\/goabbeyroad.net\/de\/warum-abbey-road\/#breadcrumb","itemListElement":[{"@type":"ListItem","position":1,"name":"Home","item":"https:\/\/goabbeyroad.net\/de\/"},{"@type":"ListItem","position":2,"name":"Warum Abbey Road?"}]},{"@type":"WebSite","@id":"https:\/\/goabbeyroad.net\/es\/#website","url":"https:\/\/goabbeyroad.net\/es\/","name":"Summer programs for high school students with Abbey Road","description":"High School Summer Study Abroad Programs, Europe, USA Immersion","publisher":{"@id":"https:\/\/goabbeyroad.net\/es\/#organization"},"potentialAction":[{"@type":"SearchAction","target":{"@type":"EntryPoint","urlTemplate":"https:\/\/goabbeyroad.net\/es\/?s={search_term_string}"},"query-input":{"@type":"PropertyValueSpecification","valueRequired":true,"valueName":"search_term_string"}}],"inLanguage":"de-DE"},{"@type":"Organization","@id":"https:\/\/goabbeyroad.net\/es\/#organization","name":"Abbey Road Programs","url":"https:\/\/goabbeyroad.net\/es\/","logo":{"@type":"ImageObject","inLanguage":"de-DE","@id":"https:\/\/goabbeyroad.net\/es\/#\/schema\/logo\/image\/","url":"https:\/\/goabbeyroad.net\/wp-content\/uploads\/2019\/01\/logo-abbey-ico.png","contentUrl":"https:\/\/goabbeyroad.net\/wp-content\/uploads\/2019\/01\/logo-abbey-ico.png","width":65,"height":78,"caption":"Abbey Road Programs"},"image":{"@id":"https:\/\/goabbeyroad.net\/es\/#\/schema\/logo\/image\/"},"sameAs":["https:\/\/www.facebook.com\/AbbeyRoadPrograms\/","https:\/\/x.com\/goabbeyroad","https:\/\/www.instagram.com\/abbeyroadprograms\/","http:\/\/www.pinterest.com\/goabbeyroad\/","https:\/\/www.youtube.com\/user\/Abbeyroadprograms"]}]}},"_links":{"self":[{"href":"https:\/\/goabbeyroad.net\/de\/wp-json\/wp\/v2\/pages\/11912","targetHints":{"allow":["GET"]}}],"collection":[{"href":"https:\/\/goabbeyroad.net\/de\/wp-json\/wp\/v2\/pages"}],"about":[{"href":"https:\/\/goabbeyroad.net\/de\/wp-json\/wp\/v2\/types\/page"}],"author":[{"embeddable":true,"href":"https:\/\/goabbeyroad.net\/de\/wp-json\/wp\/v2\/users\/101014"}],"replies":[{"embeddable":true,"href":"https:\/\/goabbeyroad.net\/de\/wp-json\/wp\/v2\/comments?post=11912"}],"version-history":[{"count":0,"href":"https:\/\/goabbeyroad.net\/de\/wp-json\/wp\/v2\/pages\/11912\/revisions"}],"wp:attachment":[{"href":"https:\/\/goabbeyroad.net\/de\/wp-json\/wp\/v2\/media?parent=11912"}],"curies":[{"name":"wp","href":"https:\/\/api.w.org\/{rel}","templated":true}]}}